{"id":974,"date":"2022-10-19T20:13:17","date_gmt":"2022-10-19T18:13:17","guid":{"rendered":"https:\/\/orphea-info.fr\/?page_id=974"},"modified":"2023-09-12T17:18:09","modified_gmt":"2023-09-12T15:18:09","slug":"installer-une-borne-de-recharge-electrique","status":"publish","type":"page","link":"https:\/\/orphea-info.fr\/index.php\/installer-une-borne-de-recharge-electrique\/","title":{"rendered":"Installer une borne de recharge \u00e9lectrique"},"content":{"rendered":"<div class=\"wp-block-image\">\n<figure class=\"aligncenter size-full is-resized\"><img loading=\"lazy\" decoding=\"async\" src=\"https:\/\/orphea-info.fr\/wp-content\/uploads\/2021\/07\/ve-bd-2.jpg\" alt=\"\" class=\"wp-image-865\" style=\"width:120px;height:81px\" width=\"120\" height=\"81\" srcset=\"https:\/\/orphea-info.fr\/wp-content\/uploads\/2021\/07\/ve-bd-2.jpg 998w, https:\/\/orphea-info.fr\/wp-content\/uploads\/2021\/07\/ve-bd-2-300x206.jpg 300w, https:\/\/orphea-info.fr\/wp-content\/uploads\/2021\/07\/ve-bd-2-768x527.jpg 768w\" sizes=\"auto, (max-width: 120px) 100vw, 120px\" \/><\/figure>\n<\/div>\n\n\n<p>Un contrat a \u00e9t\u00e9 sign\u00e9 entre la copropri\u00e9t\u00e9 et la soci\u00e9t\u00e9 Zeplug pour l\u2019installation de l\u2019infrastructure et des bornes privatives de rechargement \u00e9lectrique dans les parkings.<br><br>Pour faire \u00e9quiper votre place de parking, veuillez contacter<strong>\u00a0<\/strong>la soci\u00e9t\u00e9<strong>\u00a0Zeplug<\/strong>\u00a0:<br>Adresse : 32 rue des Jeuneurs, 75002 PARIS<br>Email : contact@zeplug.com<br>Tel : 01 88 24 40 00<\/p>\n","protected":false},"excerpt":{"rendered":"<p>Un contrat a \u00e9t\u00e9 sign\u00e9 entre la copropri\u00e9t\u00e9 et la soci\u00e9t\u00e9 Zeplug pour l\u2019installation de l\u2019infrastructure et des bornes privatives de rechargement \u00e9lectrique dans les parkings. Pour faire \u00e9quiper votre place de parking, veuillez contacter\u00a0la soci\u00e9t\u00e9\u00a0Zeplug\u00a0:Adresse : 32 rue des &hellip; <a href=\"https:\/\/orphea-info.fr\/index.php\/installer-une-borne-de-recharge-electrique\/\">Continuer la lecture <span class=\"meta-nav\">&rarr;<\/span><\/a><\/p>\n","protected":false},"author":1,"featured_media":0,"parent":0,"menu_order":0,"comment_status":"closed","ping_status":"closed","template":"","meta":{"footnotes":""},"class_list":["post-974","page","type-page","status-publish","hentry"],"_links":{"self":[{"href":"https:\/\/orphea-info.fr\/index.php\/wp-json\/wp\/v2\/pages\/974","targetHints":{"allow":["GET"]}}],"collection":[{"href":"https:\/\/orphea-info.fr\/index.php\/wp-json\/wp\/v2\/pages"}],"about":[{"href":"https:\/\/orphea-info.fr\/index.php\/wp-json\/wp\/v2\/types\/page"}],"author":[{"embeddable":true,"href":"https:\/\/orphea-info.fr\/index.php\/wp-json\/wp\/v2\/users\/1"}],"replies":[{"embeddable":true,"href":"https:\/\/orphea-info.fr\/index.php\/wp-json\/wp\/v2\/comments?post=974"}],"version-history":[{"count":3,"href":"https:\/\/orphea-info.fr\/index.php\/wp-json\/wp\/v2\/pages\/974\/revisions"}],"predecessor-version":[{"id":1071,"href":"https:\/\/orphea-info.fr\/index.php\/wp-json\/wp\/v2\/pages\/974\/revisions\/1071"}],"wp:attachment":[{"href":"https:\/\/orphea-info.fr\/index.php\/wp-json\/wp\/v2\/media?parent=974"}],"curies":[{"name":"wp","href":"https:\/\/api.w.org\/{rel}","templated":true}]}}