{"id":964,"date":"2022-05-30T22:45:39","date_gmt":"2022-05-30T20:45:39","guid":{"rendered":"https:\/\/orphea-info.fr\/?page_id=964"},"modified":"2022-05-30T22:48:20","modified_gmt":"2022-05-30T20:48:20","slug":"police-municipale","status":"publish","type":"page","link":"https:\/\/orphea-info.fr\/index.php\/police-municipale\/","title":{"rendered":"Police municipale"},"content":{"rendered":"\n<p><strong>01 46 12 72 59<\/strong><\/p>\n\n\n\n<p>Les agents peuvent :<\/p>\n\n\n\n<ul class=\"wp-block-list\"><li>Intervenir sur des situations o\u00f9 les biens et\/ou les personnes sont expos\u00e9s \u00e0 un risque,<\/li><li>S\u00e9curiser les abords des \u00e9coles et des b\u00e2timents communaux,<\/li><li>Lutter contre l\u2019occupation illicite du domaine public,<\/li><li>Verbaliser certains types d&rsquo;infractions,<\/li><li>Mener des op\u00e9rations de contr\u00f4le pour r\u00e9duire l\u2019ins\u00e9curit\u00e9 routi\u00e8re,<\/li><li>R\u00e9primer le stationnement g\u00eanant,<\/li><li>Lutter contre les d\u00e9p\u00f4ts sauvages, les d\u00e9jections canines, les m\u00e9gots de cigarettes,<\/li><li>Encadrer et s\u00e9curiser les \u00e9v\u00e9nements publics,<\/li><li>Mener des actions de pr\u00e9vention,<\/li><li>Fermer les parcs des squares.<\/li><\/ul>\n\n\n\n<p><a href=\"https:\/\/www.ville-montrouge.fr\/1216-la-police-municipale-a-votre-service.htm\">Voir aussi<\/a><\/p>\n","protected":false},"excerpt":{"rendered":"<p>01 46 12 72 59 Les agents peuvent : Intervenir sur des situations o\u00f9 les biens et\/ou les personnes sont expos\u00e9s \u00e0 un risque, S\u00e9curiser les abords des \u00e9coles et des b\u00e2timents communaux, Lutter contre l\u2019occupation illicite du domaine public, &hellip; <a href=\"https:\/\/orphea-info.fr\/index.php\/police-municipale\/\">Continuer la lecture <span class=\"meta-nav\">&rarr;<\/span><\/a><\/p>\n","protected":false},"author":1,"featured_media":0,"parent":0,"menu_order":0,"comment_status":"closed","ping_status":"closed","template":"","meta":{"footnotes":""},"class_list":["post-964","page","type-page","status-publish","hentry"],"_links":{"self":[{"href":"https:\/\/orphea-info.fr\/index.php\/wp-json\/wp\/v2\/pages\/964","targetHints":{"allow":["GET"]}}],"collection":[{"href":"https:\/\/orphea-info.fr\/index.php\/wp-json\/wp\/v2\/pages"}],"about":[{"href":"https:\/\/orphea-info.fr\/index.php\/wp-json\/wp\/v2\/types\/page"}],"author":[{"embeddable":true,"href":"https:\/\/orphea-info.fr\/index.php\/wp-json\/wp\/v2\/users\/1"}],"replies":[{"embeddable":true,"href":"https:\/\/orphea-info.fr\/index.php\/wp-json\/wp\/v2\/comments?post=964"}],"version-history":[{"count":3,"href":"https:\/\/orphea-info.fr\/index.php\/wp-json\/wp\/v2\/pages\/964\/revisions"}],"predecessor-version":[{"id":968,"href":"https:\/\/orphea-info.fr\/index.php\/wp-json\/wp\/v2\/pages\/964\/revisions\/968"}],"wp:attachment":[{"href":"https:\/\/orphea-info.fr\/index.php\/wp-json\/wp\/v2\/media?parent=964"}],"curies":[{"name":"wp","href":"https:\/\/api.w.org\/{rel}","templated":true}]}}