{"id":732,"date":"2020-10-12T15:45:21","date_gmt":"2020-10-12T13:45:21","guid":{"rendered":"https:\/\/orphea-info.fr\/?page_id=732"},"modified":"2020-11-04T17:44:21","modified_gmt":"2020-11-04T16:44:21","slug":"stationnement-dans-la-cour","status":"publish","type":"page","link":"https:\/\/orphea-info.fr\/index.php\/stationnement-dans-la-cour\/","title":{"rendered":"Stationnement dans la cour"},"content":{"rendered":"\n<p>La circulation et le stationnement dans la cour sont interdits conform\u00e9ment au r\u00e8glement de copropri\u00e9t\u00e9.<\/p>\n\n\n\n<p>Toutefois une autorisation ponctuelle et temporaire pourra \u00eatre accord\u00e9e sur demande par le Syndic en cas de d\u00e9m\u00e9nagement, de gros travaux ou de n\u00e9cessit\u00e9 sanitaire. Les livraisons (meubles, appareils \u00e9lectro-m\u00e9nagers, etc.) ne peuvent pas faire l&rsquo;objet d&rsquo;une\u00a0demande d&rsquo;autorisation.<\/p>\n\n\n\n<p>L\u2019autorisation devra \u00eatre imp\u00e9rativement appos\u00e9e sur le pare-brise du v\u00e9hicule concern\u00e9.<\/p>\n\n\n\n<p>La grille devra \u00eatre syst\u00e9matiquement et correctement referm\u00e9e (y compris la targette) apr\u00e8s chaque passage.<\/p>\n\n\n\n<p>En cas de stationnement selon les modalit\u00e9s ci-dessus, <strong>tout devra \u00eatre mis en \u0153uvre pour \u00e9viter toutes salissures <\/strong>(t\u00e2ches d\u2019huile ou autres). Toute intervention pour remettre en \u00e9tat les parties communes sera imput\u00e9e au copropri\u00e9taire responsable.<\/p>\n\n\n\n<figure class=\"wp-block-image size-large\"><img loading=\"lazy\" decoding=\"async\" width=\"1024\" height=\"576\" src=\"https:\/\/orphea-info.fr\/wp-content\/uploads\/2020\/10\/2011-07-22_12-36-54-1024x576.jpg\" alt=\"\" class=\"wp-image-734\" srcset=\"https:\/\/orphea-info.fr\/wp-content\/uploads\/2020\/10\/2011-07-22_12-36-54-1024x576.jpg 1024w, https:\/\/orphea-info.fr\/wp-content\/uploads\/2020\/10\/2011-07-22_12-36-54-300x169.jpg 300w, https:\/\/orphea-info.fr\/wp-content\/uploads\/2020\/10\/2011-07-22_12-36-54-768x432.jpg 768w, https:\/\/orphea-info.fr\/wp-content\/uploads\/2020\/10\/2011-07-22_12-36-54-1536x864.jpg 1536w, https:\/\/orphea-info.fr\/wp-content\/uploads\/2020\/10\/2011-07-22_12-36-54-1320x743.jpg 1320w, https:\/\/orphea-info.fr\/wp-content\/uploads\/2020\/10\/2011-07-22_12-36-54.jpg 1920w\" sizes=\"auto, (max-width: 1024px) 100vw, 1024px\" \/><\/figure>\n\n\n\n<p><\/p>\n","protected":false},"excerpt":{"rendered":"<p>La circulation et le stationnement dans la cour sont interdits conform\u00e9ment au r\u00e8glement de copropri\u00e9t\u00e9. Toutefois une autorisation ponctuelle et temporaire pourra \u00eatre accord\u00e9e sur demande par le Syndic en cas de d\u00e9m\u00e9nagement, de gros travaux ou de n\u00e9cessit\u00e9 sanitaire. &hellip; <a href=\"https:\/\/orphea-info.fr\/index.php\/stationnement-dans-la-cour\/\">Continuer la lecture <span class=\"meta-nav\">&rarr;<\/span><\/a><\/p>\n","protected":false},"author":1,"featured_media":0,"parent":0,"menu_order":0,"comment_status":"closed","ping_status":"closed","template":"","meta":{"footnotes":""},"class_list":["post-732","page","type-page","status-publish","hentry"],"_links":{"self":[{"href":"https:\/\/orphea-info.fr\/index.php\/wp-json\/wp\/v2\/pages\/732","targetHints":{"allow":["GET"]}}],"collection":[{"href":"https:\/\/orphea-info.fr\/index.php\/wp-json\/wp\/v2\/pages"}],"about":[{"href":"https:\/\/orphea-info.fr\/index.php\/wp-json\/wp\/v2\/types\/page"}],"author":[{"embeddable":true,"href":"https:\/\/orphea-info.fr\/index.php\/wp-json\/wp\/v2\/users\/1"}],"replies":[{"embeddable":true,"href":"https:\/\/orphea-info.fr\/index.php\/wp-json\/wp\/v2\/comments?post=732"}],"version-history":[{"count":5,"href":"https:\/\/orphea-info.fr\/index.php\/wp-json\/wp\/v2\/pages\/732\/revisions"}],"predecessor-version":[{"id":746,"href":"https:\/\/orphea-info.fr\/index.php\/wp-json\/wp\/v2\/pages\/732\/revisions\/746"}],"wp:attachment":[{"href":"https:\/\/orphea-info.fr\/index.php\/wp-json\/wp\/v2\/media?parent=732"}],"curies":[{"name":"wp","href":"https:\/\/api.w.org\/{rel}","templated":true}]}}