{"id":73,"date":"2017-06-05T21:17:08","date_gmt":"2017-06-05T19:17:08","guid":{"rendered":"http:\/\/orphea-info.fr\/?page_id=73"},"modified":"2025-04-02T12:16:27","modified_gmt":"2025-04-02T10:16:27","slug":"conseil-syndical","status":"publish","type":"page","link":"https:\/\/orphea-info.fr\/index.php\/conseil-syndical\/","title":{"rendered":"Conseil syndical"},"content":{"rendered":"\n<p>Pour contacter un membre du conseil syndical, d\u00e9poser un mot \u00e9crit dans sa bo\u00eete aux lettres, ou envoyer un mail via l&rsquo;onglet <a href=\"https:\/\/orphea-info.fr\/index.php\/contact\/\">\u00ab\u00a0contact\u00a0\u00bb<\/a> du site. <\/p>\n\n\n<p><span style=\"color: #000000;\"><strong>Conseil syndical Orph\u00e9a 1<\/strong><\/span><\/p>\n<ul>\n<li><span style=\"color: #000000;\"><strong>Marie-Fran\u00e7oise Weil<\/strong> (Pr\u00e9sidente &#8211; B\u00e2timent 60)<\/span><\/li>\n<li><strong>Nathalie Aug\u00e9<\/strong> <span style=\"color: #000000;\">(B\u00e2timent 62)<\/span><\/li>\n<li><strong>Michel Guichard<\/strong> <span style=\"color: #000000;\">(B\u00e2timent 62)<\/span><\/li>\n<li><strong>Jean Paul Petit<\/strong><span style=\"color: #000000;\"> (D\u00e9l\u00e9gu\u00e9 Orph\u00e9a 1 \u00e0 l&rsquo;ASL &#8211; B\u00e2timent 60)<\/span><\/li>\n<\/ul>\n<p><strong>Conseil syndical Orph\u00e9a 2<\/strong><\/p>\n<ul>\n<li><span style=\"color: #000000;\"><strong>Mathilde Scottez<\/strong> (Pr\u00e9sidente &#8211; B\u00e2timent 56)<\/span><\/li>\n<li><span style=\"color: #000000;\"><strong>Fran\u00e7ois Dabadie<\/strong> (D\u00e9l\u00e9gu\u00e9 Orph\u00e9a 2 \u00e0 l&rsquo;ASL &#8211; B\u00e2timent 5 paix)<\/span><\/li>\n<li><span style=\"color: #000000;\"><strong>Martine Moreau<\/strong> (B\u00e2timent 56)<\/span><\/li>\n<li><span style=\"color: #000000;\"><strong>Catherine Drin<\/strong> (B\u00e2timent 56)<\/span><\/li>\n<li><span style=\"color: #000000;\"><strong>Am\u00e9lie Astruc<\/strong> (B\u00e2timent 5 paix)<\/span><\/li>\n<li><span style=\"color: #000000;\"><strong> Patricia Ph\u00e9n\u00e9<\/strong> (B\u00e2timent 5 paix)<\/span><\/li>\n<li><span style=\"color: #000000;\"><strong>Olivier Morel<\/strong> (B\u00e2timent 56)<\/span><\/li>\n<\/ul>\n\n\n<p><\/p>\n","protected":false},"excerpt":{"rendered":"<p>Pour contacter un membre du conseil syndical, d\u00e9poser un mot \u00e9crit dans sa bo\u00eete aux lettres, ou envoyer un mail via l&rsquo;onglet \u00ab\u00a0contact\u00a0\u00bb du site. Conseil syndical Orph\u00e9a 1 Marie-Fran\u00e7oise Weil (Pr\u00e9sidente &#8211; B\u00e2timent 60) Nathalie Aug\u00e9 (B\u00e2timent 62) Michel &hellip; <a href=\"https:\/\/orphea-info.fr\/index.php\/conseil-syndical\/\">Continuer la lecture <span class=\"meta-nav\">&rarr;<\/span><\/a><\/p>\n","protected":false},"author":1,"featured_media":0,"parent":0,"menu_order":0,"comment_status":"closed","ping_status":"closed","template":"","meta":{"footnotes":""},"class_list":["post-73","page","type-page","status-publish","hentry"],"_links":{"self":[{"href":"https:\/\/orphea-info.fr\/index.php\/wp-json\/wp\/v2\/pages\/73","targetHints":{"allow":["GET"]}}],"collection":[{"href":"https:\/\/orphea-info.fr\/index.php\/wp-json\/wp\/v2\/pages"}],"about":[{"href":"https:\/\/orphea-info.fr\/index.php\/wp-json\/wp\/v2\/types\/page"}],"author":[{"embeddable":true,"href":"https:\/\/orphea-info.fr\/index.php\/wp-json\/wp\/v2\/users\/1"}],"replies":[{"embeddable":true,"href":"https:\/\/orphea-info.fr\/index.php\/wp-json\/wp\/v2\/comments?post=73"}],"version-history":[{"count":16,"href":"https:\/\/orphea-info.fr\/index.php\/wp-json\/wp\/v2\/pages\/73\/revisions"}],"predecessor-version":[{"id":1210,"href":"https:\/\/orphea-info.fr\/index.php\/wp-json\/wp\/v2\/pages\/73\/revisions\/1210"}],"wp:attachment":[{"href":"https:\/\/orphea-info.fr\/index.php\/wp-json\/wp\/v2\/media?parent=73"}],"curies":[{"name":"wp","href":"https:\/\/api.w.org\/{rel}","templated":true}]}}