{"id":71,"date":"2017-06-05T21:16:57","date_gmt":"2017-06-05T19:16:57","guid":{"rendered":"http:\/\/orphea-info.fr\/?page_id=71"},"modified":"2025-02-24T13:03:14","modified_gmt":"2025-02-24T12:03:14","slug":"le-syndic","status":"publish","type":"page","link":"https:\/\/orphea-info.fr\/index.php\/le-syndic\/","title":{"rendered":"Le syndic"},"content":{"rendered":"<p><img loading=\"lazy\" decoding=\"async\" class=\"alignnone size-full wp-image-110\" src=\"http:\/\/orphea-info.fr\/wp-content\/uploads\/2017\/06\/logo.jpg\" alt=\"\" width=\"242\" height=\"82\" \/><\/p>\n<p style=\"padding-left: 30px;\"><span style=\"color: #cf2323;\">Agence Paris 17<br \/>\n4 Rue d\u2019Argenson 75008 PARIS<br \/>\n<\/span><\/p>\n<ul>\n<li><span style=\"color: #000000;\">Gestionnaire <\/span><br \/>\n<span style=\"color: #000000;\"><span style=\"color: #000000;\"><span style=\"color: #000000;\"><span style=\"color: #000000;\"><span style=\"color: #000000;\"><strong>Eva Meleiro<br \/>\n<\/strong>tel<strong> :01 53 80 93 05<\/strong>\u00a0&#8211; <span style=\"color: #808080;\"><span style=\"color: #000000;\">mai<\/span>l<\/span> :\u00a0 <strong><a href=\"mailto:e.meleiro@atrium-gestion.fr\">e.meleiro@atrium-gestion.fr<\/a><\/strong><\/span><\/span><\/span><\/span><\/span><\/li>\n<li><span style=\"color: #000000;\">Assistante <em>(de 9h00 \u00e013h00 et 14h00 \u00e0 17h00 &#8211; Vendredi de 9h00 \u00e0 12h00)<\/em><\/span><strong><br \/>\nJustine Kichenassamy<br \/>\n<\/strong><span style=\"color: #808080;\"><span style=\"color: #000000;\">tel<\/span> : <strong>01.56.59.63.33<\/strong><\/span><br \/>\n<span style=\"color: #000000;\">mail<\/span><strong><strong><strong><strong> : j<a href=\"mailto:justine.kichenassamy@atrium-gestion.fr\" target=\"_blank\" rel=\"noopener\">ustine.kichenassamy@atrium-<wbr \/>gestion.fr<\/a><\/strong><\/strong><\/strong><\/strong><\/li>\n<li><span style=\"color: #000000;\"><span style=\"color: #000000;\"><span style=\"color: #000000;\">Comptable <em>(uniquement le matin de 9h00 \u00e0 13h00)<\/em><br \/>\n<strong>Nadia\u00a0 Jaouadi<br \/>\n<\/strong>tel : <strong>01 56 59 63 27<\/strong> &#8211; mail : <a href=\"mailto:n.jaouadi@atrium-gestion.fr\"><strong>n.jaouadi@atrium-gestion.fr<\/strong><\/a><\/span><\/span><\/span><\/li>\n<\/ul>\n<p style=\"text-align: center;\"><span style=\"color: #000000;\">En dehors des heures d&rsquo;ouverture,<br \/>\npour toute urgence technique\u00a0 hors contrats d&rsquo;entretien<br \/>\n(fuites, engorgement, plomberie \u00e9lectricit\u00e9 et serrurerie)<br \/>\n<\/span><\/p>\n<p style=\"text-align: center;\"><strong><b>MULTI\u00a0SYNERGIE<\/b><\/strong><\/p>\n<p style=\"text-align: center;\"><b>06.<wbr \/>22.59.76.24<\/b><\/p>\n<div class=\"page\" title=\"Page 1\">\n<div class=\"layoutArea\">\n<div class=\"column\">\n<p style=\"text-align: center;\"><em><span style=\"color: #000000;\">Attention, cette entreprise n\u2019a pas vocation \u00e0 se substituer aux prestataires habituels de la r\u00e9sidence. Il s\u2019agit d\u2019un service compl\u00e9mentaire en dehors des heures ouvrables.<\/span><\/em><\/p>\n<\/div>\n<\/div>\n<\/div>\n","protected":false},"excerpt":{"rendered":"<p>Agence Paris 17 4 Rue d\u2019Argenson 75008 PARIS Gestionnaire Eva Meleiro tel :01 53 80 93 05\u00a0&#8211; mail :\u00a0 e.meleiro@atrium-gestion.fr Assistante (de 9h00 \u00e013h00 et 14h00 \u00e0 17h00 &#8211; Vendredi de 9h00 \u00e0 12h00) Justine Kichenassamy tel : 01.56.59.63.33 mail &hellip; <a href=\"https:\/\/orphea-info.fr\/index.php\/le-syndic\/\">Continuer la lecture <span class=\"meta-nav\">&rarr;<\/span><\/a><\/p>\n","protected":false},"author":1,"featured_media":0,"parent":0,"menu_order":0,"comment_status":"closed","ping_status":"closed","template":"","meta":{"footnotes":""},"class_list":["post-71","page","type-page","status-publish","hentry"],"_links":{"self":[{"href":"https:\/\/orphea-info.fr\/index.php\/wp-json\/wp\/v2\/pages\/71","targetHints":{"allow":["GET"]}}],"collection":[{"href":"https:\/\/orphea-info.fr\/index.php\/wp-json\/wp\/v2\/pages"}],"about":[{"href":"https:\/\/orphea-info.fr\/index.php\/wp-json\/wp\/v2\/types\/page"}],"author":[{"embeddable":true,"href":"https:\/\/orphea-info.fr\/index.php\/wp-json\/wp\/v2\/users\/1"}],"replies":[{"embeddable":true,"href":"https:\/\/orphea-info.fr\/index.php\/wp-json\/wp\/v2\/comments?post=71"}],"version-history":[{"count":35,"href":"https:\/\/orphea-info.fr\/index.php\/wp-json\/wp\/v2\/pages\/71\/revisions"}],"predecessor-version":[{"id":1192,"href":"https:\/\/orphea-info.fr\/index.php\/wp-json\/wp\/v2\/pages\/71\/revisions\/1192"}],"wp:attachment":[{"href":"https:\/\/orphea-info.fr\/index.php\/wp-json\/wp\/v2\/media?parent=71"}],"curies":[{"name":"wp","href":"https:\/\/api.w.org\/{rel}","templated":true}]}}