{"id":344,"date":"2018-01-11T16:16:39","date_gmt":"2018-01-11T15:16:39","guid":{"rendered":"http:\/\/orphea-info.fr\/?page_id=344"},"modified":"2025-04-25T23:35:08","modified_gmt":"2025-04-25T21:35:08","slug":"en-cas-durgence","status":"publish","type":"page","link":"https:\/\/orphea-info.fr\/index.php\/en-cas-durgence\/","title":{"rendered":"En cas d&rsquo;urgence"},"content":{"rendered":"<div class=\"page\" title=\"Page 1\">\n<div class=\"layoutArea\">\n<div class=\"column\">\n<p><span style=\"color: #000000;\">En cas d\u2019urgence la nuit, les week end et jours f\u00e9ri\u00e9s,<\/span><\/p>\n<p style=\"text-align: center;\"><strong><span style=\"color: #000000;\">Pour tout probl\u00e8me de fuite, plomberie, d\u00e9pannage \u00e9lectrique, serrurerie <\/span><\/strong><\/p>\n<p style=\"text-align: center;\"><strong>CMULTISERV<\/strong><br \/>\n(Groupe BATISANTE)<\/p>\n<p style=\"text-align: center;\"><strong>\u00a0<\/strong><strong>01 89 70 94 50<\/strong><\/p>\n<p style=\"text-align: center;\">ou par mail<br \/>\n<strong><a href=\"mailto:adbbatisante@cmultiserv.com\" rel=\"noopener\">adbbatisante@cmultiserv.<wbr \/>com<\/a><\/strong><\/p>\n<p style=\"text-align: center;\"><span style=\"display: inline !important; float: none; background-color: #ffffff; color: #444444; cursor: text; font-family: Georgia,'Bitstream Charter',serif; font-size: 16px; font-style: normal; font-variant: normal; font-weight: 400; letter-spacing: normal; line-height: 1.5; orphans: 2; text-align: left; text-decoration: none; text-indent: 0px; text-transform: none; -webkit-text-stroke-width: 0px; white-space: normal; word-spacing: 0px;\">Pr\u00e9venir \u00e9galement le conseil syndical.<\/span><\/p>\n<p><span style=\"color: #000000;\">Attention, ces entreprises n\u2019ont pas vocation \u00e0 se substituer aux prestataires habituels de la r\u00e9sidence. Il s\u2019agit d\u2019un service compl\u00e9mentaire en dehors des heures ouvrables.<\/span><\/p>\n<p><span style=\"color: #000000;\">Il est pr\u00e9cis\u00e9 que les interventions ne sont \u00e0 d\u00e9clencher qu\u2019en cas d\u2019urgence et pour les parties communes. <\/span><\/p>\n<p><span style=\"color: #000000;\">Toute personne qui d\u00e9clencherait une intervention pour des besoins privatifs, se verra imputer la facture d\u2019intervention.<\/span><\/p>\n<\/div>\n<\/div>\n<\/div>\n","protected":false},"excerpt":{"rendered":"<p>En cas d\u2019urgence la nuit, les week end et jours f\u00e9ri\u00e9s, Pour tout probl\u00e8me de fuite, plomberie, d\u00e9pannage \u00e9lectrique, serrurerie CMULTISERV (Groupe BATISANTE) \u00a001 89 70 94 50 ou par mail adbbatisante@cmultiserv.com Pr\u00e9venir \u00e9galement le conseil syndical. Attention, ces entreprises &hellip; <a href=\"https:\/\/orphea-info.fr\/index.php\/en-cas-durgence\/\">Continuer la lecture <span class=\"meta-nav\">&rarr;<\/span><\/a><\/p>\n","protected":false},"author":1,"featured_media":0,"parent":0,"menu_order":0,"comment_status":"closed","ping_status":"closed","template":"","meta":{"footnotes":""},"class_list":["post-344","page","type-page","status-publish","hentry"],"_links":{"self":[{"href":"https:\/\/orphea-info.fr\/index.php\/wp-json\/wp\/v2\/pages\/344","targetHints":{"allow":["GET"]}}],"collection":[{"href":"https:\/\/orphea-info.fr\/index.php\/wp-json\/wp\/v2\/pages"}],"about":[{"href":"https:\/\/orphea-info.fr\/index.php\/wp-json\/wp\/v2\/types\/page"}],"author":[{"embeddable":true,"href":"https:\/\/orphea-info.fr\/index.php\/wp-json\/wp\/v2\/users\/1"}],"replies":[{"embeddable":true,"href":"https:\/\/orphea-info.fr\/index.php\/wp-json\/wp\/v2\/comments?post=344"}],"version-history":[{"count":9,"href":"https:\/\/orphea-info.fr\/index.php\/wp-json\/wp\/v2\/pages\/344\/revisions"}],"predecessor-version":[{"id":1213,"href":"https:\/\/orphea-info.fr\/index.php\/wp-json\/wp\/v2\/pages\/344\/revisions\/1213"}],"wp:attachment":[{"href":"https:\/\/orphea-info.fr\/index.php\/wp-json\/wp\/v2\/media?parent=344"}],"curies":[{"name":"wp","href":"https:\/\/api.w.org\/{rel}","templated":true}]}}