{"id":260,"date":"2017-06-27T11:23:29","date_gmt":"2017-06-27T09:23:29","guid":{"rendered":"http:\/\/orphea-info.fr\/?page_id=260"},"modified":"2021-04-04T19:26:28","modified_gmt":"2021-04-04T17:26:28","slug":"emmenagement-demenagement","status":"publish","type":"page","link":"https:\/\/orphea-info.fr\/index.php\/emmenagement-demenagement\/","title":{"rendered":"Emm\u00e9nagement &#8211; D\u00e9m\u00e9nagement"},"content":{"rendered":"<p><span style=\"color: #000000;\">Lorsque vous emm\u00e9nagez ou d\u00e9m\u00e9nagez : <\/span><\/p>\n<ul>\n<li><span style=\"color: #000000;\">Veillez \u00e0 faire installer les <strong>protections des ascenseurs<\/strong>. Pour cela il suffit de le quelques jours \u00e0 l&rsquo;avance \u00e0 demander \u00e0 <strong>M Sissako<\/strong>, l&rsquo;homme de m\u00e9nage.<\/span><\/li>\n<li><span style=\"color: #000000;\">Pour le stationnement dans la cour, voir le paragraphe consacr\u00e9 \u00e0 ce sujet.<\/span><\/li>\n<\/ul>\n","protected":false},"excerpt":{"rendered":"<p>Lorsque vous emm\u00e9nagez ou d\u00e9m\u00e9nagez : Veillez \u00e0 faire installer les protections des ascenseurs. Pour cela il suffit de le quelques jours \u00e0 l&rsquo;avance \u00e0 demander \u00e0 M Sissako, l&rsquo;homme de m\u00e9nage. Pour le stationnement dans la cour, voir le &hellip; <a href=\"https:\/\/orphea-info.fr\/index.php\/emmenagement-demenagement\/\">Continuer la lecture <span class=\"meta-nav\">&rarr;<\/span><\/a><\/p>\n","protected":false},"author":1,"featured_media":0,"parent":0,"menu_order":0,"comment_status":"closed","ping_status":"closed","template":"","meta":{"footnotes":""},"class_list":["post-260","page","type-page","status-publish","hentry"],"_links":{"self":[{"href":"https:\/\/orphea-info.fr\/index.php\/wp-json\/wp\/v2\/pages\/260","targetHints":{"allow":["GET"]}}],"collection":[{"href":"https:\/\/orphea-info.fr\/index.php\/wp-json\/wp\/v2\/pages"}],"about":[{"href":"https:\/\/orphea-info.fr\/index.php\/wp-json\/wp\/v2\/types\/page"}],"author":[{"embeddable":true,"href":"https:\/\/orphea-info.fr\/index.php\/wp-json\/wp\/v2\/users\/1"}],"replies":[{"embeddable":true,"href":"https:\/\/orphea-info.fr\/index.php\/wp-json\/wp\/v2\/comments?post=260"}],"version-history":[{"count":3,"href":"https:\/\/orphea-info.fr\/index.php\/wp-json\/wp\/v2\/pages\/260\/revisions"}],"predecessor-version":[{"id":856,"href":"https:\/\/orphea-info.fr\/index.php\/wp-json\/wp\/v2\/pages\/260\/revisions\/856"}],"wp:attachment":[{"href":"https:\/\/orphea-info.fr\/index.php\/wp-json\/wp\/v2\/media?parent=260"}],"curies":[{"name":"wp","href":"https:\/\/api.w.org\/{rel}","templated":true}]}}