{"id":221,"date":"2017-06-13T12:23:29","date_gmt":"2017-06-13T10:23:29","guid":{"rendered":"http:\/\/orphea-info.fr\/?page_id=221"},"modified":"2020-11-04T18:01:13","modified_gmt":"2020-11-04T17:01:13","slug":"ascenseurs","status":"publish","type":"page","link":"https:\/\/orphea-info.fr\/index.php\/ascenseurs\/","title":{"rendered":"Ascenseurs"},"content":{"rendered":"<p style=\"text-align: left;\"><span style=\"color: #000000;\">L&rsquo;entretien est assur\u00e9 par la soci\u00e9t\u00e9 M2S.<\/span><\/p>\n<p style=\"text-align: left;\"><span style=\"color: #000000;\">En cas d&rsquo;urgence (personne bloqu\u00e9e, digicode en panne), composer le\u00a0 :<\/span><\/p>\n<p style=\"text-align: center;\"><span style=\"color: #000000;\"><strong>0800 942 393<\/strong><\/span><\/p>\n<p>Indiquer le num\u00e9ro d&rsquo;identification de la cabine (6 chiffres)<\/p>\n","protected":false},"excerpt":{"rendered":"<p>L&rsquo;entretien est assur\u00e9 par la soci\u00e9t\u00e9 M2S. En cas d&rsquo;urgence (personne bloqu\u00e9e, digicode en panne), composer le\u00a0 : 0800 942 393 Indiquer le num\u00e9ro d&rsquo;identification de la cabine (6 chiffres)<\/p>\n","protected":false},"author":1,"featured_media":0,"parent":0,"menu_order":0,"comment_status":"closed","ping_status":"closed","template":"","meta":{"footnotes":""},"class_list":["post-221","page","type-page","status-publish","hentry"],"_links":{"self":[{"href":"https:\/\/orphea-info.fr\/index.php\/wp-json\/wp\/v2\/pages\/221","targetHints":{"allow":["GET"]}}],"collection":[{"href":"https:\/\/orphea-info.fr\/index.php\/wp-json\/wp\/v2\/pages"}],"about":[{"href":"https:\/\/orphea-info.fr\/index.php\/wp-json\/wp\/v2\/types\/page"}],"author":[{"embeddable":true,"href":"https:\/\/orphea-info.fr\/index.php\/wp-json\/wp\/v2\/users\/1"}],"replies":[{"embeddable":true,"href":"https:\/\/orphea-info.fr\/index.php\/wp-json\/wp\/v2\/comments?post=221"}],"version-history":[{"count":4,"href":"https:\/\/orphea-info.fr\/index.php\/wp-json\/wp\/v2\/pages\/221\/revisions"}],"predecessor-version":[{"id":747,"href":"https:\/\/orphea-info.fr\/index.php\/wp-json\/wp\/v2\/pages\/221\/revisions\/747"}],"wp:attachment":[{"href":"https:\/\/orphea-info.fr\/index.php\/wp-json\/wp\/v2\/media?parent=221"}],"curies":[{"name":"wp","href":"https:\/\/api.w.org\/{rel}","templated":true}]}}