{"id":207,"date":"2017-06-13T11:39:48","date_gmt":"2017-06-13T09:39:48","guid":{"rendered":"http:\/\/orphea-info.fr\/?page_id=207"},"modified":"2025-10-03T15:39:56","modified_gmt":"2025-10-03T13:39:56","slug":"cour-et-jardins","status":"publish","type":"page","link":"https:\/\/orphea-info.fr\/index.php\/cour-et-jardins\/","title":{"rendered":"Cour et jardins"},"content":{"rendered":"<p><span style=\"color: #000000;\">Il est souhaitable de laisser\u00a0ces espaces en bon \u00e9tat de propret\u00e9 et de ne pas jeter de m\u00e9gots de cigarette, de kleenex, ou de papiers de bonbons, etc\u2026<\/span><\/p>\n<ul>\n<li><span style=\"color: #000000;\"><strong>Les espaces verts<\/strong> collectifs sont un jardin d\u2019agr\u00e9ment, et non une aire de jeu am\u00e9nag\u00e9e.\u00a0<\/span><\/li>\n<li><span style=\"color: #000000;\"><strong>La partie bitum\u00e9e de la cour<\/strong>, est une voie d\u2019acc\u00e8s au b\u00e2timent B et une voie pompiers. Ce n\u2019est pas non plus une\u00a0aire de jeux.<\/span><\/li>\n<li><span style=\"color: #000000;\"><strong>Aucun\u00a0v\u00e9hicule ne doit stationner\u00a0dans la cour <\/strong>(\u00e0 l\u2019exception de ceux des jardiniers, et sauf autorisation sp\u00e9cifique accord\u00e9e par le syndic).<\/span><\/li>\n<\/ul>\n<p><span style=\"color: #000000;\">Les enfants restent sous la responsabilit\u00e9 de leurs parents \u00e0 qui il est demand\u00e9 de veiller \u00e0 ce que ceux-ci ne d\u00e9t\u00e9riorent pas les lampadaires et ne grimpent pas dans les arbres. Les jeux de ballons, v\u00e9los, patins et trottinettes sont interdits.<\/span><\/p>\n<p><span style=\"color: #000000;\">La copropri\u00e9t\u00e9 ne saurait \u00eatre tenue responsable en cas d&rsquo;accident.<\/span><\/p>\n","protected":false},"excerpt":{"rendered":"<p>Il est souhaitable de laisser\u00a0ces espaces en bon \u00e9tat de propret\u00e9 et de ne pas jeter de m\u00e9gots de cigarette, de kleenex, ou de papiers de bonbons, etc\u2026 Les espaces verts collectifs sont un jardin d\u2019agr\u00e9ment, et non une aire &hellip; <a href=\"https:\/\/orphea-info.fr\/index.php\/cour-et-jardins\/\">Continuer la lecture <span class=\"meta-nav\">&rarr;<\/span><\/a><\/p>\n","protected":false},"author":1,"featured_media":0,"parent":0,"menu_order":0,"comment_status":"closed","ping_status":"closed","template":"","meta":{"footnotes":""},"class_list":["post-207","page","type-page","status-publish","hentry"],"_links":{"self":[{"href":"https:\/\/orphea-info.fr\/index.php\/wp-json\/wp\/v2\/pages\/207","targetHints":{"allow":["GET"]}}],"collection":[{"href":"https:\/\/orphea-info.fr\/index.php\/wp-json\/wp\/v2\/pages"}],"about":[{"href":"https:\/\/orphea-info.fr\/index.php\/wp-json\/wp\/v2\/types\/page"}],"author":[{"embeddable":true,"href":"https:\/\/orphea-info.fr\/index.php\/wp-json\/wp\/v2\/users\/1"}],"replies":[{"embeddable":true,"href":"https:\/\/orphea-info.fr\/index.php\/wp-json\/wp\/v2\/comments?post=207"}],"version-history":[{"count":6,"href":"https:\/\/orphea-info.fr\/index.php\/wp-json\/wp\/v2\/pages\/207\/revisions"}],"predecessor-version":[{"id":1228,"href":"https:\/\/orphea-info.fr\/index.php\/wp-json\/wp\/v2\/pages\/207\/revisions\/1228"}],"wp:attachment":[{"href":"https:\/\/orphea-info.fr\/index.php\/wp-json\/wp\/v2\/media?parent=207"}],"curies":[{"name":"wp","href":"https:\/\/api.w.org\/{rel}","templated":true}]}}