{"id":203,"date":"2017-06-13T11:30:38","date_gmt":"2017-06-13T09:30:38","guid":{"rendered":"http:\/\/orphea-info.fr\/?page_id=203"},"modified":"2021-04-04T19:29:09","modified_gmt":"2021-04-04T17:29:09","slug":"le-tri-des-ordures","status":"publish","type":"page","link":"https:\/\/orphea-info.fr\/index.php\/le-tri-des-ordures\/","title":{"rendered":"Tri des ordures"},"content":{"rendered":"<div class=\"paragraphe PRS_COLONNAGE PRS_WIDTH_66D\" id=\"par373\">\n<div class=\"innerParagraphe redactionnel\">\n<p><img loading=\"lazy\" decoding=\"async\" width=\"300\" height=\"97\" class=\"alignnone size-medium wp-image-490\" alt=\"\" src=\"http:\/\/orphea-info.fr\/wp-content\/uploads\/2019\/12\/Tri-d\u00e9chets-300x97.jpg\" srcset=\"https:\/\/orphea-info.fr\/wp-content\/uploads\/2019\/12\/Tri-d\u00e9chets-300x97.jpg 300w, https:\/\/orphea-info.fr\/wp-content\/uploads\/2019\/12\/Tri-d\u00e9chets-768x249.jpg 768w, https:\/\/orphea-info.fr\/wp-content\/uploads\/2019\/12\/Tri-d\u00e9chets.jpg 980w\" sizes=\"auto, (max-width: 300px) 100vw, 300px\" \/><\/p>\n<p><\/p>\n<\/div>\n<\/div>\n\n\n<ul class=\"wp-block-list\"><li><strong>Plier les cartons d&#8217;emballage<\/strong> avant de les d\u00e9poser dans le local poubelles (cela facilite beaucoup le travail de M Cissako)<\/li><li>Le <strong>mode de tri des d\u00e9chets a \u00e9t\u00e9\u00a0modifi\u00e9<\/strong>. Pour connaitre les bonnes pratiques consultez le site : <a href=\"https:\/\/www.ville-montrouge.fr\/710-collecte-selective.htm\">https:\/\/www.ville-montrouge.fr\/710-collecte-selective.htm<\/a><\/li><li>Les <strong>encombrants<\/strong> sont \u00e0 d\u00e9poser \u00e0 l&rsquo;ext\u00e9rieur sur les trottoirs le dimanche \u00e0 partir de 20 h jusqu\u2019au lundi avant 6 h, et uniquement \u00e0 ce moment l\u00e0 !<a rel=\"noreferrer noopener\" href=\"https:\/\/www.ville-montrouge.fr\/713-encombrants.htm\" target=\"_blank\">\u00a0Voir les d\u00e9tails<\/a><\/li><\/ul>\n\n\n\n<h3 class=\"wp-block-heading\"><\/h3>\n\n\n\n<div class=\"paragraphe PRS_COLONNAGE PRS_WIDTH_66D\" id=\"par385\">\n<div class=\"innerParagraphe redactionnel\"><\/div>\n<\/div>\n\n\n\n<div class=\"paragraphe\" id=\"par8649\">\n<div class=\"innerParagraphe redactionnel\">\n\n<\/div>\n<\/div>\n\n\n\n<p><\/p>\n","protected":false},"excerpt":{"rendered":"<p>Plier les cartons d&#8217;emballage avant de les d\u00e9poser dans le local poubelles (cela facilite beaucoup le travail de M Cissako) Le mode de tri des d\u00e9chets a \u00e9t\u00e9\u00a0modifi\u00e9. Pour connaitre les bonnes pratiques consultez le site : https:\/\/www.ville-montrouge.fr\/710-collecte-selective.htm Les encombrants &hellip; <a href=\"https:\/\/orphea-info.fr\/index.php\/le-tri-des-ordures\/\">Continuer la lecture <span class=\"meta-nav\">&rarr;<\/span><\/a><\/p>\n","protected":false},"author":1,"featured_media":0,"parent":0,"menu_order":0,"comment_status":"closed","ping_status":"closed","template":"","meta":{"footnotes":""},"class_list":["post-203","page","type-page","status-publish","hentry"],"_links":{"self":[{"href":"https:\/\/orphea-info.fr\/index.php\/wp-json\/wp\/v2\/pages\/203","targetHints":{"allow":["GET"]}}],"collection":[{"href":"https:\/\/orphea-info.fr\/index.php\/wp-json\/wp\/v2\/pages"}],"about":[{"href":"https:\/\/orphea-info.fr\/index.php\/wp-json\/wp\/v2\/types\/page"}],"author":[{"embeddable":true,"href":"https:\/\/orphea-info.fr\/index.php\/wp-json\/wp\/v2\/users\/1"}],"replies":[{"embeddable":true,"href":"https:\/\/orphea-info.fr\/index.php\/wp-json\/wp\/v2\/comments?post=203"}],"version-history":[{"count":20,"href":"https:\/\/orphea-info.fr\/index.php\/wp-json\/wp\/v2\/pages\/203\/revisions"}],"predecessor-version":[{"id":859,"href":"https:\/\/orphea-info.fr\/index.php\/wp-json\/wp\/v2\/pages\/203\/revisions\/859"}],"wp:attachment":[{"href":"https:\/\/orphea-info.fr\/index.php\/wp-json\/wp\/v2\/media?parent=203"}],"curies":[{"name":"wp","href":"https:\/\/api.w.org\/{rel}","templated":true}]}}