{"id":194,"date":"2017-06-13T08:29:14","date_gmt":"2017-06-13T06:29:14","guid":{"rendered":"http:\/\/orphea-info.fr\/?page_id=194"},"modified":"2017-06-13T16:20:12","modified_gmt":"2017-06-13T14:20:12","slug":"toiles-de-stores-et-luminaires-des-balcons","status":"publish","type":"page","link":"https:\/\/orphea-info.fr\/index.php\/toiles-de-stores-et-luminaires-des-balcons\/","title":{"rendered":"Stores, paillassons  et appliques de balcons"},"content":{"rendered":"<p><span style=\"color: #000000;\"><img loading=\"lazy\" decoding=\"async\" class=\"alignnone wp-image-211 \" src=\"http:\/\/orphea-info.fr\/wp-content\/uploads\/2017\/06\/toile-exterieure-teflon-grande-largeur-raye-blanc-et-vert-150x150.jpg\" alt=\"\" width=\"99\" height=\"99\" \/>\u00a0 \u00a0 \u00a0 \u00a0 \u00a0 \u00a0 \u00a0 \u00a0 \u00a0 \u00a0<img loading=\"lazy\" decoding=\"async\" class=\"alignnone wp-image-217 size-thumbnail\" src=\"http:\/\/orphea-info.fr\/wp-content\/uploads\/2017\/06\/demi-applique-exterieure-noir-argent-patine-1x-150x150.jpg\" alt=\"\" width=\"150\" height=\"150\" srcset=\"https:\/\/orphea-info.fr\/wp-content\/uploads\/2017\/06\/demi-applique-exterieure-noir-argent-patine-1x-150x150.jpg 150w, https:\/\/orphea-info.fr\/wp-content\/uploads\/2017\/06\/demi-applique-exterieure-noir-argent-patine-1x-300x300.jpg 300w, https:\/\/orphea-info.fr\/wp-content\/uploads\/2017\/06\/demi-applique-exterieure-noir-argent-patine-1x-600x600.jpg 600w, https:\/\/orphea-info.fr\/wp-content\/uploads\/2017\/06\/demi-applique-exterieure-noir-argent-patine-1x.jpg 700w\" sizes=\"auto, (max-width: 150px) 100vw, 150px\" \/>\u00a0 \u00a0 \u00a0 \u00a0\u00a0 \u00a0 \u00a0 \u00a0\u00a0<img loading=\"lazy\" decoding=\"async\" class=\"alignnone size-full wp-image-215\" src=\"http:\/\/orphea-info.fr\/wp-content\/uploads\/2017\/06\/tapis2-copie.jpg\" alt=\"\" width=\"148\" height=\"73\" \/><\/span><\/p>\n<p><span style=\"color: #000000;\">L\u2019assembl\u00e9e g\u00e9n\u00e9rale d\u2019avril 2004 a d\u00e9cid\u00e9 de \u00a0l&rsquo;uniformit\u00e9\u00a0des toiles de stores, des \u00a0appliques ext\u00e9rieure et des paillassons. <\/span><\/p>\n<ul>\n<li><span style=\"color: #000000;\">R\u00e9f\u00e9rence des appliques :\u00a01\/2 noire Victoria V13903 (Roger Pradier)<\/span><\/li>\n<li><span style=\"color: #000000;\">R\u00e9f\u00e9rence de la toile de store : \u00a0ray\u00e9 vert sapin et blanc, (STORE 19 tel 01 46 38 27 55)<\/span><\/li>\n<\/ul>\n","protected":false},"excerpt":{"rendered":"<p>\u00a0 \u00a0 \u00a0 \u00a0 \u00a0 \u00a0 \u00a0 \u00a0 \u00a0 \u00a0\u00a0 \u00a0 \u00a0 \u00a0\u00a0 \u00a0 \u00a0 \u00a0\u00a0 L\u2019assembl\u00e9e g\u00e9n\u00e9rale d\u2019avril 2004 a d\u00e9cid\u00e9 de \u00a0l&rsquo;uniformit\u00e9\u00a0des toiles de stores, des \u00a0appliques ext\u00e9rieure et des paillassons. R\u00e9f\u00e9rence des appliques :\u00a01\/2 noire Victoria V13903 &hellip; <a href=\"https:\/\/orphea-info.fr\/index.php\/toiles-de-stores-et-luminaires-des-balcons\/\">Continuer la lecture <span class=\"meta-nav\">&rarr;<\/span><\/a><\/p>\n","protected":false},"author":1,"featured_media":0,"parent":0,"menu_order":0,"comment_status":"closed","ping_status":"closed","template":"","meta":{"footnotes":""},"class_list":["post-194","page","type-page","status-publish","hentry"],"_links":{"self":[{"href":"https:\/\/orphea-info.fr\/index.php\/wp-json\/wp\/v2\/pages\/194","targetHints":{"allow":["GET"]}}],"collection":[{"href":"https:\/\/orphea-info.fr\/index.php\/wp-json\/wp\/v2\/pages"}],"about":[{"href":"https:\/\/orphea-info.fr\/index.php\/wp-json\/wp\/v2\/types\/page"}],"author":[{"embeddable":true,"href":"https:\/\/orphea-info.fr\/index.php\/wp-json\/wp\/v2\/users\/1"}],"replies":[{"embeddable":true,"href":"https:\/\/orphea-info.fr\/index.php\/wp-json\/wp\/v2\/comments?post=194"}],"version-history":[{"count":8,"href":"https:\/\/orphea-info.fr\/index.php\/wp-json\/wp\/v2\/pages\/194\/revisions"}],"predecessor-version":[{"id":231,"href":"https:\/\/orphea-info.fr\/index.php\/wp-json\/wp\/v2\/pages\/194\/revisions\/231"}],"wp:attachment":[{"href":"https:\/\/orphea-info.fr\/index.php\/wp-json\/wp\/v2\/media?parent=194"}],"curies":[{"name":"wp","href":"https:\/\/api.w.org\/{rel}","templated":true}]}}