{"id":192,"date":"2017-06-13T08:28:23","date_gmt":"2017-06-13T06:28:23","guid":{"rendered":"http:\/\/orphea-info.fr\/?page_id=192"},"modified":"2025-10-03T15:35:51","modified_gmt":"2025-10-03T13:35:51","slug":"etiquettes-de-boites-aux-lettres","status":"publish","type":"page","link":"https:\/\/orphea-info.fr\/index.php\/etiquettes-de-boites-aux-lettres\/","title":{"rendered":"Etiquettes de boites aux lettres"},"content":{"rendered":"<p><span style=\"color: #000000;\">Leur\u00a0fourniture est\u00a0\u00e0 la\u00a0charge de chaque r\u00e9sident. <\/span><\/p>\n<p><span style=\"color: #000000;\">Elles ont \u00e0 commander \u00e0 la \u00a0<strong>Cordonnerie Moderne, 72 avenue Jean Jaur\u00e8s \u00e0 Montrouge<\/strong>. <\/span><\/p>\n<p><span style=\"color: #000000;\">Ne pas oublier d&rsquo;y faire noter le num\u00e9ro d\u2019appartement.<\/span><\/p>\n<p><span style=\"color: #000000;\">L&rsquo;\u00e9tiquette d&rsquo;interphone est \u00e0 d\u00e9poser dans la boite \u00e0 lettre :<\/span><br \/>\n<span style=\"color: #000000;\"> &#8211; \u00a0de Mme Weil (pour le 60 rue Maurice Arnoux<\/span><br \/>\n<span style=\"color: #000000;\"> &#8211; de Mme Aug\u00e9 (pour le 62 rue Maurice Arnoux)<br \/>\n&#8211; de Mme Scottez (pour le 56 rue Maurice Arnoux)<br \/>\n&#8211; de M Dabadie (pour le 5 avenue de la Paix)<\/span><\/p>\n<p><span style=\"color: #000000;\">qui se chargeront de mettre les tableaux \u00e0 jour<\/span><\/p>\n","protected":false},"excerpt":{"rendered":"<p>Leur\u00a0fourniture est\u00a0\u00e0 la\u00a0charge de chaque r\u00e9sident. Elles ont \u00e0 commander \u00e0 la \u00a0Cordonnerie Moderne, 72 avenue Jean Jaur\u00e8s \u00e0 Montrouge. Ne pas oublier d&rsquo;y faire noter le num\u00e9ro d\u2019appartement. L&rsquo;\u00e9tiquette d&rsquo;interphone est \u00e0 d\u00e9poser dans la boite \u00e0 lettre : &hellip; <a href=\"https:\/\/orphea-info.fr\/index.php\/etiquettes-de-boites-aux-lettres\/\">Continuer la lecture <span class=\"meta-nav\">&rarr;<\/span><\/a><\/p>\n","protected":false},"author":1,"featured_media":0,"parent":0,"menu_order":0,"comment_status":"closed","ping_status":"closed","template":"","meta":{"footnotes":""},"class_list":["post-192","page","type-page","status-publish","hentry"],"_links":{"self":[{"href":"https:\/\/orphea-info.fr\/index.php\/wp-json\/wp\/v2\/pages\/192","targetHints":{"allow":["GET"]}}],"collection":[{"href":"https:\/\/orphea-info.fr\/index.php\/wp-json\/wp\/v2\/pages"}],"about":[{"href":"https:\/\/orphea-info.fr\/index.php\/wp-json\/wp\/v2\/types\/page"}],"author":[{"embeddable":true,"href":"https:\/\/orphea-info.fr\/index.php\/wp-json\/wp\/v2\/users\/1"}],"replies":[{"embeddable":true,"href":"https:\/\/orphea-info.fr\/index.php\/wp-json\/wp\/v2\/comments?post=192"}],"version-history":[{"count":4,"href":"https:\/\/orphea-info.fr\/index.php\/wp-json\/wp\/v2\/pages\/192\/revisions"}],"predecessor-version":[{"id":1226,"href":"https:\/\/orphea-info.fr\/index.php\/wp-json\/wp\/v2\/pages\/192\/revisions\/1226"}],"wp:attachment":[{"href":"https:\/\/orphea-info.fr\/index.php\/wp-json\/wp\/v2\/media?parent=192"}],"curies":[{"name":"wp","href":"https:\/\/api.w.org\/{rel}","templated":true}]}}