{"id":135,"date":"2017-06-06T16:25:22","date_gmt":"2017-06-06T14:25:22","guid":{"rendered":"http:\/\/orphea-info.fr\/?page_id=135"},"modified":"2025-10-03T15:42:09","modified_gmt":"2025-10-03T13:42:09","slug":"consignes","status":"publish","type":"page","link":"https:\/\/orphea-info.fr\/index.php\/consignes\/","title":{"rendered":"Balcons et terrasses"},"content":{"rendered":"<ul>\n<li><span style=\"color: #000000;\"><strong><span style=\"color: #000000;\">Les balcons et terrasses<\/span>\u00a0<\/strong><span style=\"color: #000000;\">sont \u00e0 l\u2019usage exclusif du propri\u00e9taire du lot auquel ils sont rattach\u00e9s. Toutefois ils ne doivent pas faire l\u2019objet d\u2019am\u00e9nagement ou de d\u00e9coration qui porterait atteinte \u00e0 l\u2019aspect ou l\u2019harmonie de la r\u00e9sidence. Ils ne doivent pas \u00eatre utilis\u00e9s pour entreposer des s\u00e9choirs \u00e0 linge, des v\u00e9los, des escabeaux, etc\u2026<\/span><br \/><\/span><\/li>\n<li><span style=\"color: #000000;\"><strong>Les bacs \u00e0 fleurs<\/strong>\u00a0\u00a0doivent \u00eatre fix\u00e9s <strong>\u00e0 l\u2019int\u00e9rieur <\/strong>des rambardes des fen\u00eatres ou des balcons.<\/span><\/li>\n<li>Il est interdit d&rsquo;installer des canisses sur les rambardes.<\/li>\n<li><span style=\"color: #000000;\"><strong>Les v\u00e9los, voitures d\u2019enfants, poussettes\u00a0<\/strong>doivent \u00eatre gar\u00e9s dans le local \u00e0 v\u00e9los (Niveaux -2).<\/span><\/li>\n<\/ul>\n<p>\u00a0<\/p>\n\n\n<p><\/p>\n","protected":false},"excerpt":{"rendered":"<p>Les balcons et terrasses\u00a0sont \u00e0 l\u2019usage exclusif du propri\u00e9taire du lot auquel ils sont rattach\u00e9s. Toutefois ils ne doivent pas faire l\u2019objet d\u2019am\u00e9nagement ou de d\u00e9coration qui porterait atteinte \u00e0 l\u2019aspect ou l\u2019harmonie de la r\u00e9sidence. Ils ne doivent pas &hellip; <a href=\"https:\/\/orphea-info.fr\/index.php\/consignes\/\">Continuer la lecture <span class=\"meta-nav\">&rarr;<\/span><\/a><\/p>\n","protected":false},"author":1,"featured_media":0,"parent":0,"menu_order":0,"comment_status":"closed","ping_status":"closed","template":"","meta":{"footnotes":""},"class_list":["post-135","page","type-page","status-publish","hentry"],"_links":{"self":[{"href":"https:\/\/orphea-info.fr\/index.php\/wp-json\/wp\/v2\/pages\/135","targetHints":{"allow":["GET"]}}],"collection":[{"href":"https:\/\/orphea-info.fr\/index.php\/wp-json\/wp\/v2\/pages"}],"about":[{"href":"https:\/\/orphea-info.fr\/index.php\/wp-json\/wp\/v2\/types\/page"}],"author":[{"embeddable":true,"href":"https:\/\/orphea-info.fr\/index.php\/wp-json\/wp\/v2\/users\/1"}],"replies":[{"embeddable":true,"href":"https:\/\/orphea-info.fr\/index.php\/wp-json\/wp\/v2\/comments?post=135"}],"version-history":[{"count":15,"href":"https:\/\/orphea-info.fr\/index.php\/wp-json\/wp\/v2\/pages\/135\/revisions"}],"predecessor-version":[{"id":1230,"href":"https:\/\/orphea-info.fr\/index.php\/wp-json\/wp\/v2\/pages\/135\/revisions\/1230"}],"wp:attachment":[{"href":"https:\/\/orphea-info.fr\/index.php\/wp-json\/wp\/v2\/media?parent=135"}],"curies":[{"name":"wp","href":"https:\/\/api.w.org\/{rel}","templated":true}]}}