{"id":123,"date":"2017-06-06T09:49:26","date_gmt":"2017-06-06T07:49:26","guid":{"rendered":"http:\/\/orphea-info.fr\/?page_id=123"},"modified":"2017-07-04T07:55:23","modified_gmt":"2017-07-04T05:55:23","slug":"presentation","status":"publish","type":"page","link":"https:\/\/orphea-info.fr\/index.php\/presentation\/","title":{"rendered":"Pr\u00e9sentation"},"content":{"rendered":"<p><span style=\"color: #000000;\">L&rsquo;ensemble immobilier Villa Orph\u00e9a est compos\u00e9 de :<\/span><\/p>\n<ul>\n<li><span style=\"color: #000000;\">la copropri\u00e9t\u00e9 <strong>Orph\u00e9a 1<\/strong>\u00a0qui\u00a0regroupe les b\u00e2timents situ\u00e9s 60 et 62 rue Maurice Arnoux<\/span><\/li>\n<li><span style=\"color: #000000;\">La copropri\u00e9t\u00e9 <strong>Orph\u00e9a 2<\/strong> qui regroupe les b\u00e2timents situ\u00e9s au 5 avenue de la Paix &#8211; Clarissa Jean Philippe et au 56 rue\u00a0Maurice Arnoux<\/span><\/li>\n<li><span style=\"color: #000000;\"><strong>Le Templ<\/strong>e au 64 rue Maurice Arnoux<\/span><\/li>\n<li><span style=\"color: #000000;\"><strong>Les Ateliers municipaux<\/strong> au 2\/8 rue Paul Bert.<\/span><\/li>\n<\/ul>\n<p><span style=\"color: #000000;\">Les parties communes (rampe d&rsquo;acc\u00e8s du parking, voies de circulation des parkings, \u00e9clairage des parking, extraction d&rsquo;air des parkings, bassins de d\u00e9cantation, antenne de t\u00e9l\u00e9vision, jardins, voie d&rsquo;acc\u00e8s pompiers, grille du porche, \u00e9clairage des jardins, \u00e9clairage des entr\u00e9es et du porche) sont g\u00e9r\u00e9es par l&rsquo;Association Syndicale Libre (ASL).<\/span><\/p>\n<p><span style=\"color: #0000ff;\"><a href=\"http:\/\/orphea-info.fr\/index.php\/la-construction\/\" target=\"_blank\" rel=\"noopener\">Voir l&rsquo;historique de la construction.<\/a><\/span><\/p>\n<p>&nbsp;<\/p>\n","protected":false},"excerpt":{"rendered":"<p>L&rsquo;ensemble immobilier Villa Orph\u00e9a est compos\u00e9 de : la copropri\u00e9t\u00e9 Orph\u00e9a 1\u00a0qui\u00a0regroupe les b\u00e2timents situ\u00e9s 60 et 62 rue Maurice Arnoux La copropri\u00e9t\u00e9 Orph\u00e9a 2 qui regroupe les b\u00e2timents situ\u00e9s au 5 avenue de la Paix &#8211; Clarissa Jean Philippe &hellip; <a href=\"https:\/\/orphea-info.fr\/index.php\/presentation\/\">Continuer la lecture <span class=\"meta-nav\">&rarr;<\/span><\/a><\/p>\n","protected":false},"author":1,"featured_media":0,"parent":0,"menu_order":0,"comment_status":"closed","ping_status":"closed","template":"","meta":{"footnotes":""},"class_list":["post-123","page","type-page","status-publish","hentry"],"_links":{"self":[{"href":"https:\/\/orphea-info.fr\/index.php\/wp-json\/wp\/v2\/pages\/123","targetHints":{"allow":["GET"]}}],"collection":[{"href":"https:\/\/orphea-info.fr\/index.php\/wp-json\/wp\/v2\/pages"}],"about":[{"href":"https:\/\/orphea-info.fr\/index.php\/wp-json\/wp\/v2\/types\/page"}],"author":[{"embeddable":true,"href":"https:\/\/orphea-info.fr\/index.php\/wp-json\/wp\/v2\/users\/1"}],"replies":[{"embeddable":true,"href":"https:\/\/orphea-info.fr\/index.php\/wp-json\/wp\/v2\/comments?post=123"}],"version-history":[{"count":8,"href":"https:\/\/orphea-info.fr\/index.php\/wp-json\/wp\/v2\/pages\/123\/revisions"}],"predecessor-version":[{"id":270,"href":"https:\/\/orphea-info.fr\/index.php\/wp-json\/wp\/v2\/pages\/123\/revisions\/270"}],"wp:attachment":[{"href":"https:\/\/orphea-info.fr\/index.php\/wp-json\/wp\/v2\/media?parent=123"}],"curies":[{"name":"wp","href":"https:\/\/api.w.org\/{rel}","templated":true}]}}