{"id":1129,"date":"2024-04-02T14:55:32","date_gmt":"2024-04-02T12:55:32","guid":{"rendered":"https:\/\/orphea-info.fr\/?page_id=1129"},"modified":"2024-04-02T14:55:32","modified_gmt":"2024-04-02T12:55:32","slug":"enlevement-des-encombrants-2","status":"publish","type":"page","link":"https:\/\/orphea-info.fr\/index.php\/enlevement-des-encombrants-2\/","title":{"rendered":"Enl\u00e8vement des encombrants"},"content":{"rendered":"<div class=\"wp-block-image\">\n<figure class=\"aligncenter size-large is-resized\"><img loading=\"lazy\" decoding=\"async\" width=\"727\" height=\"1024\" src=\"https:\/\/orphea-info.fr\/wp-content\/uploads\/2023\/11\/Encombrants-727x1024.png\" alt=\"\" class=\"wp-image-1108\" style=\"aspect-ratio:0.7099609375;width:311px;height:auto\" srcset=\"https:\/\/orphea-info.fr\/wp-content\/uploads\/2023\/11\/Encombrants-727x1024.png 727w, https:\/\/orphea-info.fr\/wp-content\/uploads\/2023\/11\/Encombrants-213x300.png 213w, https:\/\/orphea-info.fr\/wp-content\/uploads\/2023\/11\/Encombrants-768x1082.png 768w, https:\/\/orphea-info.fr\/wp-content\/uploads\/2023\/11\/Encombrants.png 997w\" sizes=\"auto, (max-width: 727px) 100vw, 727px\" \/><\/figure>\n<\/div>\n\n\n<p class=\"has-text-align-center\"><strong><a href=\"https:\/\/orphea-info.fr\/wp-content\/uploads\/2023\/11\/Elevement-encombrants.pdf\" data-type=\"link\" data-id=\"https:\/\/orphea-info.fr\/wp-content\/uploads\/2023\/11\/Elevement-encombrants.pdf\">T\u00e9l\u00e9charger le mode d&#8217;emploi<\/a><\/strong><\/p>\n\n\n\n<p class=\"has-text-align-center\"><a href=\"https:\/\/www.youtube.com\/watch?v=ibDf12N_DZ4\" data-type=\"link\" data-id=\"https:\/\/www.youtube.com\/watch?v=ibDf12N_DZ4\">Voir la le tuto en vid\u00e9o<\/a><\/p>\n","protected":false},"excerpt":{"rendered":"<p>T\u00e9l\u00e9charger le mode d&#8217;emploi Voir la le tuto en vid\u00e9o<\/p>\n","protected":false},"author":1,"featured_media":0,"parent":0,"menu_order":0,"comment_status":"closed","ping_status":"closed","template":"","meta":{"footnotes":""},"class_list":["post-1129","page","type-page","status-publish","hentry"],"_links":{"self":[{"href":"https:\/\/orphea-info.fr\/index.php\/wp-json\/wp\/v2\/pages\/1129","targetHints":{"allow":["GET"]}}],"collection":[{"href":"https:\/\/orphea-info.fr\/index.php\/wp-json\/wp\/v2\/pages"}],"about":[{"href":"https:\/\/orphea-info.fr\/index.php\/wp-json\/wp\/v2\/types\/page"}],"author":[{"embeddable":true,"href":"https:\/\/orphea-info.fr\/index.php\/wp-json\/wp\/v2\/users\/1"}],"replies":[{"embeddable":true,"href":"https:\/\/orphea-info.fr\/index.php\/wp-json\/wp\/v2\/comments?post=1129"}],"version-history":[{"count":1,"href":"https:\/\/orphea-info.fr\/index.php\/wp-json\/wp\/v2\/pages\/1129\/revisions"}],"predecessor-version":[{"id":1130,"href":"https:\/\/orphea-info.fr\/index.php\/wp-json\/wp\/v2\/pages\/1129\/revisions\/1130"}],"wp:attachment":[{"href":"https:\/\/orphea-info.fr\/index.php\/wp-json\/wp\/v2\/media?parent=1129"}],"curies":[{"name":"wp","href":"https:\/\/api.w.org\/{rel}","templated":true}]}}