{"id":80,"date":"2017-06-05T21:18:35","date_gmt":"2017-06-05T19:18:35","guid":{"rendered":"http:\/\/orphea-info.fr\/?page_id=80"},"modified":"2017-06-28T09:38:33","modified_gmt":"2017-06-28T07:38:33","slug":"la-construction","status":"publish","type":"page","link":"http:\/\/orphea-info.fr\/index.php\/la-construction\/","title":{"rendered":"Historique"},"content":{"rendered":"<p><span style=\"color: #000000;\">La commercialisation de la r\u00e9sidence Orph\u00e9a a d\u00e9but\u00e9 en 2001. le chantier s&rsquo;est \u00e9tal\u00e9 entre 2002 et 2004. Orph\u00e9a 1 a \u00e9t\u00e9 livr\u00e9e en mars 2004 et Orph\u00e9a 2 six mois plus tard. \u00c0 l&rsquo;origine l&rsquo;ensemble immobilier comportait deux immeubles d&rsquo;appartements (Orph\u00e9a 1) et un immeuble de bureaux au 56 rue Maurice Arnoux. Devant le succ\u00e8s rencontr\u00e9, le permis de construire a \u00e9t\u00e9 modifi\u00e9 et \u00e0 la place des bureaux, deux immeubles d&rsquo;appartements suppl\u00e9mentaires ont \u00e9t\u00e9 propos\u00e9s (Orph\u00e9a 2). Ceci explique l&rsquo;existence de deux copropri\u00e9t\u00e9s juridiquement distinctes au sein d&rsquo;un ensemble immobilier homog\u00e8ne, et la cr\u00e9ation d&rsquo;une ASL pour g\u00e9rer les paries communes.<\/span><\/p>\n<p>[Best_Wordpress_Gallery id=\u00a0\u00bb4&Prime; gal_title=\u00a0\u00bbLe chantier\u00a0\u00bb]<\/p>\n","protected":false},"excerpt":{"rendered":"<p>La commercialisation de la r\u00e9sidence Orph\u00e9a a d\u00e9but\u00e9 en 2001. le chantier s&rsquo;est \u00e9tal\u00e9 entre 2002 et 2004. Orph\u00e9a 1 a \u00e9t\u00e9 livr\u00e9e en mars 2004 et Orph\u00e9a 2 six mois plus tard. \u00c0 l&rsquo;origine l&rsquo;ensemble immobilier comportait deux immeubles &hellip; <a href=\"http:\/\/orphea-info.fr\/index.php\/la-construction\/\">Continuer la lecture <span class=\"meta-nav\">&rarr;<\/span><\/a><\/p>\n","protected":false},"author":1,"featured_media":0,"parent":0,"menu_order":0,"comment_status":"closed","ping_status":"closed","template":"","meta":{"footnotes":""},"class_list":["post-80","page","type-page","status-publish","hentry"],"_links":{"self":[{"href":"http:\/\/orphea-info.fr\/index.php\/wp-json\/wp\/v2\/pages\/80","targetHints":{"allow":["GET"]}}],"collection":[{"href":"http:\/\/orphea-info.fr\/index.php\/wp-json\/wp\/v2\/pages"}],"about":[{"href":"http:\/\/orphea-info.fr\/index.php\/wp-json\/wp\/v2\/types\/page"}],"author":[{"embeddable":true,"href":"http:\/\/orphea-info.fr\/index.php\/wp-json\/wp\/v2\/users\/1"}],"replies":[{"embeddable":true,"href":"http:\/\/orphea-info.fr\/index.php\/wp-json\/wp\/v2\/comments?post=80"}],"version-history":[{"count":6,"href":"http:\/\/orphea-info.fr\/index.php\/wp-json\/wp\/v2\/pages\/80\/revisions"}],"predecessor-version":[{"id":264,"href":"http:\/\/orphea-info.fr\/index.php\/wp-json\/wp\/v2\/pages\/80\/revisions\/264"}],"wp:attachment":[{"href":"http:\/\/orphea-info.fr\/index.php\/wp-json\/wp\/v2\/media?parent=80"}],"curies":[{"name":"wp","href":"https:\/\/api.w.org\/{rel}","templated":true}]}}